{"id":390,"date":"2013-03-05T14:34:27","date_gmt":"2013-03-05T13:34:27","guid":{"rendered":"http:\/\/localhost\/wordpress\/?page_id=390"},"modified":"2013-04-23T07:55:12","modified_gmt":"2013-04-23T06:55:12","slug":"von-angesicht-zu-angesicht","status":"publish","type":"page","link":"http:\/\/wordpress.erlebenswelten.de\/?page_id=390","title":{"rendered":"Von Angesicht zu Angesicht"},"content":{"rendered":"<p>\u201cWenn sich der Kreisel des Lebens zu schnell dreht, wird es Zeit, wieder festen Boden unter die F\u00fc\u00dfe zu bekommen.<br \/>\nIch biete Ihnen in dieser Phase der Neuorientierung meine Unterst\u00fctzung an. Mit Hilfe von Gespr\u00e4chen und daraus resultierenden, auf Ihre Situation abgestimmte Natur\u00fcbungen, erhalten Sie die M\u00f6glichkeit, einen Blick auf Ihre innere Seelenlandschaft zu werfen. Die Natur wirkt hier wie ein Spiegel Ihrer Seele. Schauen Sie genau hin, sind die Bilder, die Sie dadurch erhalten, meist schon die Antwort auf Ihre Fragen.\u201d<\/p>\n<p>&nbsp;<\/p>\n<p>In <strong>manchen Situationen <\/strong>erscheint es <strong>uns Menschen auf den ersten Blick <\/strong>besser, die eigene <strong>Geschichte <\/strong>zun\u00e4chst in <strong>kleiner Runde<\/strong> zu erz\u00e4hlen.<\/p>\n<p>Die <strong>&#8222;kleinste Runde&#8220;<\/strong> die ich anbieten kann, ist die von <strong>Angesicht zu Angesicht<\/strong>.<\/p>\n<p>Ist die <strong>Geschichte <\/strong>einmal <strong>erz\u00e4hlt<\/strong>, hat sie ihren <strong>&#8222;Schrecken&#8220;<\/strong> zwar nicht ganz <strong>verloren<\/strong>, zumindest aber hat sie an <strong>Kraft eingeb\u00fc\u00dft. <\/strong>Vielleicht sogar soviel, dass sie das <strong>n\u00e4chste Mal <\/strong>auch in einer <strong>gr\u00f6\u00dferen Runde erz\u00e4hlt <\/strong>werden kann.<\/p>\n<p>Wie dem auch sei, <strong>ich bin f\u00fcr Sie da,<\/strong> um von <strong>&#8222;Angesicht zu Angesicht zu h\u00f6ren&#8220;<\/strong>!<\/p>\n<p>Herzlichst<\/p>\n<p>Andreas<\/p>\n<p>&nbsp;<\/p>\n","protected":false},"excerpt":{"rendered":"<p>\u201cWenn sich der Kreisel des Lebens zu schnell dreht, wird es Zeit, wieder festen Boden unter die F\u00fc\u00dfe zu bekommen. Ich biete Ihnen in dieser Phase der Neuorientierung meine Unterst\u00fctzung an. Mit Hilfe von Gespr\u00e4chen und daraus resultierenden, auf Ihre &hellip; <a href=\"http:\/\/wordpress.erlebenswelten.de\/?page_id=390\">Weiterlesen <span class=\"meta-nav\">&rarr;<\/span><\/a><\/p>\n","protected":false},"author":2,"featured_media":0,"parent":152,"menu_order":0,"comment_status":"closed","ping_status":"closed","template":"onecolumn-page.php","meta":{"footnotes":""},"class_list":["post-390","page","type-page","status-publish","hentry"],"_links":{"self":[{"href":"http:\/\/wordpress.erlebenswelten.de\/index.php?rest_route=\/wp\/v2\/pages\/390","targetHints":{"allow":["GET"]}}],"collection":[{"href":"http:\/\/wordpress.erlebenswelten.de\/index.php?rest_route=\/wp\/v2\/pages"}],"about":[{"href":"http:\/\/wordpress.erlebenswelten.de\/index.php?rest_route=\/wp\/v2\/types\/page"}],"author":[{"embeddable":true,"href":"http:\/\/wordpress.erlebenswelten.de\/index.php?rest_route=\/wp\/v2\/users\/2"}],"replies":[{"embeddable":true,"href":"http:\/\/wordpress.erlebenswelten.de\/index.php?rest_route=%2Fwp%2Fv2%2Fcomments&post=390"}],"version-history":[{"count":11,"href":"http:\/\/wordpress.erlebenswelten.de\/index.php?rest_route=\/wp\/v2\/pages\/390\/revisions"}],"predecessor-version":[{"id":1171,"href":"http:\/\/wordpress.erlebenswelten.de\/index.php?rest_route=\/wp\/v2\/pages\/390\/revisions\/1171"}],"up":[{"embeddable":true,"href":"http:\/\/wordpress.erlebenswelten.de\/index.php?rest_route=\/wp\/v2\/pages\/152"}],"wp:attachment":[{"href":"http:\/\/wordpress.erlebenswelten.de\/index.php?rest_route=%2Fwp%2Fv2%2Fmedia&parent=390"}],"curies":[{"name":"wp","href":"https:\/\/api.w.org\/{rel}","templated":true}]}}