{"id":1601,"date":"2016-07-08T11:04:58","date_gmt":"2016-07-08T10:04:58","guid":{"rendered":"http:\/\/www.wordpress.erlebenswelten.de\/?page_id=1601"},"modified":"2024-05-13T09:14:36","modified_gmt":"2024-05-13T08:14:36","slug":"wochend-grundkurs-traditionelles-bogenschiessen","status":"publish","type":"page","link":"http:\/\/wordpress.erlebenswelten.de\/?page_id=1601","title":{"rendered":"Bogenkurs traditionelles Bogenschie\u00dfen"},"content":{"rendered":"<p>Schnupper-, Einsteiger-, 3D-Parcour- und Individualkurs<\/p>\n<p>Trainer: Andreas Stock, Bogensportleiter, Trainer Stufe 2 und im Ausbildungsteam vom DFBV<\/p>\n<p>Traditionelles Bogenschie\u00dfen.<br \/>\nIn der heutigen technik\u00fcberladenen Zeit ein Schritt zur\u00fcck zu unseren Wurzeln. Ausger\u00fcstet mit einem &#8222;gebogenen, mit einer Sehne gespannten Stock und einem befiederten Ast&#8220; gingen wir fr\u00fcher in die W\u00e4lder, um Nahrung f\u00fcr unsere Familien zu beschaffen. Dort hat es sich ziemlich schnell herausgestellt, ob man als J\u00e4ger oder besser als Sammler seiner Gemeinschaft dienlich war.<\/p>\n<p>Heutzutage ist es zum Gl\u00fcck einfacher dem Hunger entgegenzuwirken und das Bogenschie\u00dfen hat sich erfreulicherweise zu einer gesamtheitlichen Sportart entwickelt. Und mit dieser &#8222;Gesamtheit&#8220; wollen wir uns zwei Tage besch\u00e4ftigen.<\/p>\n<p>Diese Kurse sind f\u00fcr Bogensport-Einsteiger geeignet, die sich von Grund auf \u00fcber das Traditionelle Bogenschie\u00dfen informieren, sowie auch f\u00fcr erfahrene Bogner, die sich weiterentwickeln wollen.<\/p>\n<p><b>IDEAL AUCH ALS GESCHENK!<\/b><br \/>\n<b>Jeweiliger Kursinhalt, Termine und Anmeldungsm\u00f6glichkeit siehe <\/b><a href=\"https:\/\/justbows.de\/bogenkurse\/\" target=\"_blank\" rel=\"noopener\">hier<\/a> bei justbows.de<\/p>\n","protected":false},"excerpt":{"rendered":"<p>Schnupper-, Einsteiger-, 3D-Parcour- und Individualkurs Trainer: Andreas Stock, Bogensportleiter, Trainer Stufe 2 und im Ausbildungsteam vom DFBV Traditionelles Bogenschie\u00dfen. In der heutigen technik\u00fcberladenen Zeit ein Schritt zur\u00fcck zu unseren Wurzeln. Ausger\u00fcstet mit einem &#8222;gebogenen, mit einer Sehne gespannten Stock und &hellip; <a href=\"http:\/\/wordpress.erlebenswelten.de\/?page_id=1601\">Weiterlesen <span class=\"meta-nav\">&rarr;<\/span><\/a><\/p>\n","protected":false},"author":2,"featured_media":0,"parent":1518,"menu_order":0,"comment_status":"closed","ping_status":"closed","template":"onecolumn-page.php","meta":{"footnotes":""},"class_list":["post-1601","page","type-page","status-publish","hentry"],"_links":{"self":[{"href":"http:\/\/wordpress.erlebenswelten.de\/index.php?rest_route=\/wp\/v2\/pages\/1601","targetHints":{"allow":["GET"]}}],"collection":[{"href":"http:\/\/wordpress.erlebenswelten.de\/index.php?rest_route=\/wp\/v2\/pages"}],"about":[{"href":"http:\/\/wordpress.erlebenswelten.de\/index.php?rest_route=\/wp\/v2\/types\/page"}],"author":[{"embeddable":true,"href":"http:\/\/wordpress.erlebenswelten.de\/index.php?rest_route=\/wp\/v2\/users\/2"}],"replies":[{"embeddable":true,"href":"http:\/\/wordpress.erlebenswelten.de\/index.php?rest_route=%2Fwp%2Fv2%2Fcomments&post=1601"}],"version-history":[{"count":13,"href":"http:\/\/wordpress.erlebenswelten.de\/index.php?rest_route=\/wp\/v2\/pages\/1601\/revisions"}],"predecessor-version":[{"id":1671,"href":"http:\/\/wordpress.erlebenswelten.de\/index.php?rest_route=\/wp\/v2\/pages\/1601\/revisions\/1671"}],"up":[{"embeddable":true,"href":"http:\/\/wordpress.erlebenswelten.de\/index.php?rest_route=\/wp\/v2\/pages\/1518"}],"wp:attachment":[{"href":"http:\/\/wordpress.erlebenswelten.de\/index.php?rest_route=%2Fwp%2Fv2%2Fmedia&parent=1601"}],"curies":[{"name":"wp","href":"https:\/\/api.w.org\/{rel}","templated":true}]}}