{"id":1520,"date":"2016-06-28T11:57:50","date_gmt":"2016-06-28T10:57:50","guid":{"rendered":"http:\/\/www.wordpress.erlebenswelten.de\/?page_id=1520"},"modified":"2017-01-08T14:53:22","modified_gmt":"2017-01-08T13:53:22","slug":"sportcamp-sommerferien-n","status":"publish","type":"page","link":"http:\/\/wordpress.erlebenswelten.de\/?page_id=1520","title":{"rendered":"Sportcamp Schulferien N\u00fcrnberg"},"content":{"rendered":"<p><strong>Kinder wollen Bewegung!<\/strong><\/p>\n<p>Kinder finden <strong>w\u00e4hrend der Schulzeit<\/strong> immer <strong>weniger Zeit<\/strong> sich ausgiebig zu bewegen! Dem wollen wir <strong>mit Sportcamps<\/strong> im N\u00fcrnberger Raum <strong>entgegenwirken<\/strong>.<\/p>\n<p><strong>Mehr Infos entnehmen Sie bitte dem eingef\u00fcgten Flyer<\/strong>.<\/p>\n<p><a href=\"http:\/\/www.wordpress.erlebenswelten.de\/wp-content\/uploads\/2017\/01\/Sportcamp-EWO-1.pdf\">Sportcamp EWO<\/a><\/p>\n<p>Termine und Anmeldungsm\u00f6glichkeit \u00fcber diesen <a href=\"http:\/\/www.justbows.de\/sportcamp-sommer-nuernberg.html\">Link bei justbows.de.<\/a><\/p>\n","protected":false},"excerpt":{"rendered":"<p>Kinder wollen Bewegung! Kinder finden w\u00e4hrend der Schulzeit immer weniger Zeit sich ausgiebig zu bewegen! Dem wollen wir mit Sportcamps im N\u00fcrnberger Raum entgegenwirken. Mehr Infos entnehmen Sie bitte dem eingef\u00fcgten Flyer. Sportcamp EWO Termine und Anmeldungsm\u00f6glichkeit \u00fcber diesen Link &hellip; <a href=\"http:\/\/wordpress.erlebenswelten.de\/?page_id=1520\">Weiterlesen <span class=\"meta-nav\">&rarr;<\/span><\/a><\/p>\n","protected":false},"author":2,"featured_media":0,"parent":320,"menu_order":0,"comment_status":"closed","ping_status":"closed","template":"onecolumn-page.php","meta":{"footnotes":""},"class_list":["post-1520","page","type-page","status-publish","hentry"],"_links":{"self":[{"href":"http:\/\/wordpress.erlebenswelten.de\/index.php?rest_route=\/wp\/v2\/pages\/1520","targetHints":{"allow":["GET"]}}],"collection":[{"href":"http:\/\/wordpress.erlebenswelten.de\/index.php?rest_route=\/wp\/v2\/pages"}],"about":[{"href":"http:\/\/wordpress.erlebenswelten.de\/index.php?rest_route=\/wp\/v2\/types\/page"}],"author":[{"embeddable":true,"href":"http:\/\/wordpress.erlebenswelten.de\/index.php?rest_route=\/wp\/v2\/users\/2"}],"replies":[{"embeddable":true,"href":"http:\/\/wordpress.erlebenswelten.de\/index.php?rest_route=%2Fwp%2Fv2%2Fcomments&post=1520"}],"version-history":[{"count":31,"href":"http:\/\/wordpress.erlebenswelten.de\/index.php?rest_route=\/wp\/v2\/pages\/1520\/revisions"}],"predecessor-version":[{"id":1638,"href":"http:\/\/wordpress.erlebenswelten.de\/index.php?rest_route=\/wp\/v2\/pages\/1520\/revisions\/1638"}],"up":[{"embeddable":true,"href":"http:\/\/wordpress.erlebenswelten.de\/index.php?rest_route=\/wp\/v2\/pages\/320"}],"wp:attachment":[{"href":"http:\/\/wordpress.erlebenswelten.de\/index.php?rest_route=%2Fwp%2Fv2%2Fmedia&parent=1520"}],"curies":[{"name":"wp","href":"https:\/\/api.w.org\/{rel}","templated":true}]}}