{"id":1474,"date":"2014-04-04T11:34:47","date_gmt":"2014-04-04T10:34:47","guid":{"rendered":"http:\/\/www.wordpress.erlebenswelten.de\/?page_id=1474"},"modified":"2016-06-28T11:27:32","modified_gmt":"2016-06-28T10:27:32","slug":"walkaway","status":"publish","type":"page","link":"http:\/\/wordpress.erlebenswelten.de\/?page_id=1474","title":{"rendered":"WalkAway"},"content":{"rendered":"<p>Willkommen zur\u00fcck.<\/p>\n<p>Im Mittelpunkt des WalkAways steht die bewusste Begleitung auf dem Weg zum Erwachsenwerden. In den letzten Jahren hat sich die Kindheit dem Ende geneigt,<br \/>\nder Abschluss an der Schule naht und der Schritt nach \u201edrau\u00dfen\u201c, in einen neuen Lebensabschnitt, r\u00fcckt n\u00e4her.<\/p>\n<p style=\"padding-left: 30px;\">Die Zeit der Ver\u00e4nderung birgt Fragen:<br \/>\nWo stehe ich?<br \/>\nWas ist mein eigener Weg im Leben?<br \/>\nWas will ich mit meinem Leben anfangen?<\/p>\n<p>Ein WalkAway unterst\u00fctzt den Wandlungsprozess in dieser wichtigen Lebensphase.<br \/>\nDie Jugendlichen bekommen Zeit f\u00fcr R\u00fcckschau, \u00dcberpr\u00fcfung und Begegnung mit sich selbst und dem was da \u201edrau\u00dfen\u201c nach der Schulzeit kommen will.<\/p>\n<p>W\u00e4hrend des Vorbereitungstages wirst Du in die Natur hinausgehen und Deinen Platz f\u00fcr die Solozeit finden. Es wird der Platz sein, an dem Du Dich wohl f\u00fchlst, der Dir die Kraft geben wird, eine ganze Nacht vom Sonnenuntergang bis zum Sonnenaufgang auszuharren. Wie Du die Nacht verbringen wirst, bleibt Dir \u00fcberlassen. Ob Du schl\u00e4fst und dabei auf Deine Tr\u00e4ume achtest oder ob Du sie wach verbringst und den Ger\u00e4uschen der Natur lauscht. Ganz egal.<\/p>\n<p>Alles ist richtig. Nichts ist falsch.<\/p>\n<p>Dennoch solltest Du selbst gro\u00dfen Wert darauf legen, nichts in die Natur mitzunehmen, was Dich ablenken k\u00f6nnte. Du hast vielleicht die einmalige Gelegenheit, Dich neu kennenzulernen. Mit dem Handy am Ohr, mit den Fingern auf den Tasten, mit einem Buch vor den Augen, verpa\u00dft Du vielleicht genau diesen winzigen Augenblick, an dem Dir klar werden k\u00f6nnte, was Dich in Deinem zuk\u00fcnftigen Leben rufen wird.<\/p>\n<p>Wenn die Sonne aufgeht und die ersten Sonnenstrahlen Deine direkte Umgebung treffen, ist es soweit. Du packst Deine Sachen und machst Dich auf ins Basislager zur\u00fcckzukehren. Dort erwarten wir Dich bereits und hei\u00dfen Dich willkommen.<\/p>\n<p>Sind alle zur\u00fcck gibt es ein Festessen und wir h\u00f6ren anschlie\u00dfend gemeinsam im Kreis die Geschichten der Zur\u00fcckgekehrten.<\/p>\n<p>Die Geschichten werden vom Leitungsteam gespiegelt und vielleicht kannst Du aus dieser Erz\u00e4hlung noch eine Kleinigkeit heraush\u00f6ren, die Dir selbst entgangen ist.<\/p>\n<p>Wie immer Du diese Tage und N\u00e4chte verbringen wirst, eins ist gewi\u00df:<br \/>\nDu wirst etwas erwachsener aus ihnen herauskommen!<\/p>\n<p><strong>Termine unter \u201c<a title=\"Aktuelles \/ Veranstaltungen\" href=\"http:\/\/www.wordpress.erlebenswelten.de\/?page_id=451\" target=\"_blank\">Aktuelles\/Veranstaltungen<\/a>\u201c<\/strong> (\u00f6ffnet neues Fenster).<\/p>\n","protected":false},"excerpt":{"rendered":"<p>Willkommen zur\u00fcck. Im Mittelpunkt des WalkAways steht die bewusste Begleitung auf dem Weg zum Erwachsenwerden. In den letzten Jahren hat sich die Kindheit dem Ende geneigt, der Abschluss an der Schule naht und der Schritt nach \u201edrau\u00dfen\u201c, in einen neuen &hellip; <a href=\"http:\/\/wordpress.erlebenswelten.de\/?page_id=1474\">Weiterlesen <span class=\"meta-nav\">&rarr;<\/span><\/a><\/p>\n","protected":false},"author":2,"featured_media":0,"parent":1467,"menu_order":0,"comment_status":"closed","ping_status":"closed","template":"onecolumn-page.php","meta":{"footnotes":""},"class_list":["post-1474","page","type-page","status-publish","hentry"],"_links":{"self":[{"href":"http:\/\/wordpress.erlebenswelten.de\/index.php?rest_route=\/wp\/v2\/pages\/1474","targetHints":{"allow":["GET"]}}],"collection":[{"href":"http:\/\/wordpress.erlebenswelten.de\/index.php?rest_route=\/wp\/v2\/pages"}],"about":[{"href":"http:\/\/wordpress.erlebenswelten.de\/index.php?rest_route=\/wp\/v2\/types\/page"}],"author":[{"embeddable":true,"href":"http:\/\/wordpress.erlebenswelten.de\/index.php?rest_route=\/wp\/v2\/users\/2"}],"replies":[{"embeddable":true,"href":"http:\/\/wordpress.erlebenswelten.de\/index.php?rest_route=%2Fwp%2Fv2%2Fcomments&post=1474"}],"version-history":[{"count":12,"href":"http:\/\/wordpress.erlebenswelten.de\/index.php?rest_route=\/wp\/v2\/pages\/1474\/revisions"}],"predecessor-version":[{"id":1527,"href":"http:\/\/wordpress.erlebenswelten.de\/index.php?rest_route=\/wp\/v2\/pages\/1474\/revisions\/1527"}],"up":[{"embeddable":true,"href":"http:\/\/wordpress.erlebenswelten.de\/index.php?rest_route=\/wp\/v2\/pages\/1467"}],"wp:attachment":[{"href":"http:\/\/wordpress.erlebenswelten.de\/index.php?rest_route=%2Fwp%2Fv2%2Fmedia&parent=1474"}],"curies":[{"name":"wp","href":"https:\/\/api.w.org\/{rel}","templated":true}]}}