{"id":1094,"date":"2013-04-20T21:11:24","date_gmt":"2013-04-20T20:11:24","guid":{"rendered":"http:\/\/www.wordpress.erlebenswelten.de\/?page_id=1094"},"modified":"2013-12-08T23:06:55","modified_gmt":"2013-12-08T22:06:55","slug":"schnupperklettern","status":"publish","type":"page","link":"http:\/\/wordpress.erlebenswelten.de\/?page_id=1094","title":{"rendered":"Schnupperklettern"},"content":{"rendered":"<p>Das <strong>Schnupperklettern <\/strong>ist darauf ausgelegt, erste <strong>Kontake <\/strong>mit dieser <strong>Sportart <\/strong>zu kn\u00fcpfen. Es <strong>eignet <\/strong>sich f\u00fcr <strong>Menschen<\/strong>, die das <strong>Sportklettern<\/strong> bisher <strong>nur<\/strong> vom <strong>H\u00f6ren Sagen kennen<\/strong> oder bisher nur als <strong>Zuschauer<\/strong> fungiert haben. Die <strong>Teilnehmer<\/strong> <strong>k\u00f6nnen<\/strong> sich ganz und gar <strong>auf das Klettern konzentrieren<\/strong> und m\u00fcssen sich nicht mit der Sicherungstechnik und der Materialthematik auseinandersetzen. <strong>Das Sichern wird von unseren Trainern \u00fcbernommen.<\/strong> Alternativ k\u00f6nnen <strong>Kletterbewegungen an der Boulderwand<\/strong> einge\u00fcbt werden. Das <strong>Schnupperklettern<\/strong> dauert <strong>2 h<\/strong> und findet in der Regel in <strong>3er Teams<\/strong> statt.<\/p>\n<p>In der <strong>Kursgeb\u00fchr<\/strong> sind der <strong>Eintritt in die Kletterhalle <\/strong>und die<strong> Leihgeb\u00fchr <\/strong>f\u00fcr<strong> Klettergurt <\/strong>und<strong> Karabiner enthalten.<br \/>\n<\/strong>Kletterschuhe k\u00f6nnen bei Bedarf gegen eine geringe zus\u00e4tzliche Geb\u00fchr ausgeliehen werden.<\/p>\n<p><strong>Termine nach Vereinbarung<br \/>\nLeitung:<\/strong> Trainer C Sportklettern<br \/>\n<strong>Leistung:<\/strong> Inhalt wie oben beschrieben, Sicherung durch Trainer<br \/>\n<strong>Investition:<\/strong> 35,- Euro<br \/>\n<strong>Ort:<\/strong> Schwabach<br \/>\n<strong>Anmeldung:<\/strong> \u00fcber das <a title=\"Kontakt\" href=\"http:\/\/www.wordpress.erlebenswelten.de\/?page_id=825\">Kontaktformular<\/a> mit Nennung des Kurses<\/p>\n<p><strong>Zusatzkosten:<\/strong> bei Bedarf Leihgeb\u00fchr f\u00fcr Kletterschuhe<\/p>\n<p><strong>Ab drei Teilnehmern wird auf Anfrage das Schnupperklettern zum Wunschtermin angeboten.<\/strong><\/p>\n","protected":false},"excerpt":{"rendered":"<p>Das Schnupperklettern ist darauf ausgelegt, erste Kontake mit dieser Sportart zu kn\u00fcpfen. Es eignet sich f\u00fcr Menschen, die das Sportklettern bisher nur vom H\u00f6ren Sagen kennen oder bisher nur als Zuschauer fungiert haben. Die Teilnehmer k\u00f6nnen sich ganz und gar &hellip; <a href=\"http:\/\/wordpress.erlebenswelten.de\/?page_id=1094\">Weiterlesen <span class=\"meta-nav\">&rarr;<\/span><\/a><\/p>\n","protected":false},"author":2,"featured_media":0,"parent":153,"menu_order":0,"comment_status":"closed","ping_status":"closed","template":"onecolumn-page.php","meta":{"footnotes":""},"class_list":["post-1094","page","type-page","status-publish","hentry"],"_links":{"self":[{"href":"http:\/\/wordpress.erlebenswelten.de\/index.php?rest_route=\/wp\/v2\/pages\/1094","targetHints":{"allow":["GET"]}}],"collection":[{"href":"http:\/\/wordpress.erlebenswelten.de\/index.php?rest_route=\/wp\/v2\/pages"}],"about":[{"href":"http:\/\/wordpress.erlebenswelten.de\/index.php?rest_route=\/wp\/v2\/types\/page"}],"author":[{"embeddable":true,"href":"http:\/\/wordpress.erlebenswelten.de\/index.php?rest_route=\/wp\/v2\/users\/2"}],"replies":[{"embeddable":true,"href":"http:\/\/wordpress.erlebenswelten.de\/index.php?rest_route=%2Fwp%2Fv2%2Fcomments&post=1094"}],"version-history":[{"count":15,"href":"http:\/\/wordpress.erlebenswelten.de\/index.php?rest_route=\/wp\/v2\/pages\/1094\/revisions"}],"predecessor-version":[{"id":1306,"href":"http:\/\/wordpress.erlebenswelten.de\/index.php?rest_route=\/wp\/v2\/pages\/1094\/revisions\/1306"}],"up":[{"embeddable":true,"href":"http:\/\/wordpress.erlebenswelten.de\/index.php?rest_route=\/wp\/v2\/pages\/153"}],"wp:attachment":[{"href":"http:\/\/wordpress.erlebenswelten.de\/index.php?rest_route=%2Fwp%2Fv2%2Fmedia&parent=1094"}],"curies":[{"name":"wp","href":"https:\/\/api.w.org\/{rel}","templated":true}]}}